{"id":719713,"date":"2021-05-28T15:39:55","date_gmt":"2021-05-28T19:39:55","guid":{"rendered":"https:\/\/focused-einstein.74-208-131-219.plesk.page\/?page_id=719713"},"modified":"2022-07-14T13:48:16","modified_gmt":"2022-07-14T17:48:16","slug":"educational","status":"publish","type":"page","link":"https:\/\/martinflyer.com\/martinflyer\/educational\/","title":{"rendered":"Educational"},"content":{"rendered":"[vc_row full_height=&#8221;yes&#8221; columns_placement=&#8221;top&#8221; mobile_bg_img_hidden=&#8221;no&#8221; tablet_bg_img_hidden=&#8221;no&#8221; woodmart_parallax=&#8221;0&#8243; woodmart_gradient_switch=&#8221;no&#8221; row_reverse_mobile=&#8221;0&#8243; row_reverse_tablet=&#8221;0&#8243; woodmart_disable_overflow=&#8221;0&#8243;][vc_column][vc_row_inner][vc_column_inner][vc_custom_heading text=&#8221;EDUCATIONAL&#8221; font_container=&#8221;tag:h2|text_align:center&#8221; google_fonts=&#8221;font_family:Raleway%3A100%2C200%2C300%2Cregular%2C500%2C600%2C700%2C800%2C900|font_style:400%20regular%3A400%3Anormal&#8221;][vc_separator border_width=&#8221;2&#8243; el_width=&#8221;30&#8243;][vc_custom_heading text=&#8221;KNOWLEDGE IS BUYING POWER&#8221; font_container=&#8221;tag:h4|text_align:center&#8221; google_fonts=&#8221;font_family:Raleway%3A100%2C200%2C300%2Cregular%2C500%2C600%2C700%2C800%2C900|font_style:400%20regular%3A400%3Anormal&#8221;][vc_empty_space height=&#8221;64px&#8221; woodmart_hide_large=&#8221;0&#8243; woodmart_hide_medium=&#8221;0&#8243; woodmart_hide_small=&#8221;0&#8243; woodmart_hide_extra_small=&#8221;0&#8243;][\/vc_column_inner][\/vc_row_inner][vc_row_inner][vc_column_inner][vc_basic_grid post_type=&#8221;post&#8221; max_items=&#8221;3&#8243; grid_id=&#8221;vc_gid:1657820810306-bd72c666-a9a9-1&#8243;][\/vc_column_inner][\/vc_row_inner][vc_tta_accordion color=&#8221;white&#8221; c_icon=&#8221;&#8221; active_section=&#8221;1&#8243;][vc_tta_section title=&#8221;WHAT IS FLYERFIT ?&#8221; tab_id=&#8221;1622237230872-cc072b39-fa94&#8243;][vc_row_inner][vc_column_inner][vc_column_text woodmart_inline=&#8221;no&#8221; text_larger=&#8221;no&#8221;]The Martin Flyer goal is to make sure the perfect engagement ring you select is made so that when you are ready for the perfect wedding band, it already MATCHES. This technology is FLYERFIT\u00ae in where all engagement rings are made so that your wedding band will fit perfectly next to your engagement ring. Engagement Rings are designed to allow the wedding band to fit perfectly, eliminating the \u201cdreaded gap\u201d that can exist between two rings that were not made for each other.[\/vc_column_text][\/vc_column_inner][\/vc_row_inner][\/vc_tta_section][vc_tta_section title=&#8221;THE 8 CLASSIFICATIONS&#8221; tab_id=&#8221;1622237230814-8bc0798b-5c4a&#8221;][vc_row_inner][vc_column_inner][vc_column_text woodmart_inline=&#8221;no&#8221; text_larger=&#8221;no&#8221;]Martin Flyer\u2019s \u2018Classifications of Bridal\u2019 offers a simple way to categorize the types of bridal styles in the marketplace by organizing and breaking it all down to 8 classic and popular settings. It was created for you to shop more informed and less overwhelmed on your journey to find the perfect engagement ring.<\/p>\n<p><strong>Solitaire<\/strong><br \/>\nThe notable feature of the Solitaire engagement ring style is the single center stone. Solitaires convey a sense of timeless elegance but also offer a way to show off your own distinct personality with your choice of center stone, whether it be a classic round diamond, a different shape, or a color stone.<\/p>\n<p><strong>Channel<\/strong><br \/>\nThe Channel engagement ring style is named for the \u2018channel\u2019 the diamonds are set in with no metal separating the stones. The stones flow together in one continuous row and present a clean, elegant, and contemporary appearance. This pressure setting is great for an active lifestyle or the women who prefer a modern look.<\/p>\n<p><strong>Shared Prong<\/strong><br \/>\nThe notable features of the Shared Prong engagement ring style are that the diamonds in the setting share prongs so less metal is seen which allows for more diamond visibility. This design also allows the maximum amount of light to enter from all angles to maximize brilliance.<\/p>\n<p><strong>Three Stone<\/strong><br \/>\nThe Three Stone engagement style is designed with one center stone and two side stones. Traditionally the side stones are smaller than and meant to accentuate the center. Often consumers choose to mix and match the stones with personal meaning, such as birthstones or heirloom diamonds. This style of ring can be worn as a right-hand ring or as an engagement ring.<\/p>\n<p><strong>MICROPAV\u00c9 HALO<\/strong><br \/>\nA bestselling design, the micropav\u00e9 halo surrounds the center stone with tiny, precision-set diamonds that expand the appearance of the diamond. The history of the halo engagement ring is actually relatively recent. It was a chic solution to give the appearance of a larger center at an affordable cost. While a more contemporary trend, the micorpav\u00e9 halo lends more vintage elegance to a glamorous style.<\/p>\n<p>Did you know? 60% of micropav\u00e9 are halos! The word micropav\u00e9 is like Kleenex &#8211; anything with little diamonds around it seems to be considered micropav\u00e9. There are actually three unique styles of micropav\u00e9 and they are all very important in today\u2019s bridal business:<\/p>\n<p style=\"padding-left: 40px;\"><strong>BEAD SET<\/strong> &#8211; this is defined as one separate row and the diamond setter pushes on the metal to raise a bead and set the stone. Bead set designs are traditionally finished with a miligrained edge, but some do come without. You can consider this a similar look to the channel.<\/p>\n<p style=\"padding-left: 40px;\"><strong>CUTDOWN<\/strong> &#8211; the most popular micropav\u00e9 style of first-time bridal currently. This is the opposite of a bead set and the diamond setter cuts down the metal and raises prongs to hold the stone. This gives a big diamond little metal look that is similar to a shared prong without the scalloped sides offering a \u201ccleaner\u201d look. Another term for cutdown is French-cut micropav\u00e9.<\/p>\n<p style=\"padding-left: 40px;\"><strong>PAV\u00c9<\/strong> &#8211; defined as multiple rows, all handset and usually in a three-row pattern. This is exquisite labor-intensive and therefore more costly than the other two types of micropav\u00e9.<\/p>\n<p><strong>MICROPAV\u00c9<\/strong><br \/>\nThe notable feature of the Micropav\u00e9 engagement ring style is the overall antique technique with a highly precise setting of the very small diamonds and tiny beads of metal surrounding each hand-selected diamond. Though the look of Micropav\u00e9 may be considered traditional, it makes a very fashion-forward statement, combining contemporary style with an antique look.<\/p>\n<p>The word micropav\u00e9 is like Kleenex &#8211; anything with little diamonds around it seems to be considered micropav\u00e9. There are actually three unique styles of micropav\u00e9 and they are all very important in today\u2019s bridal business:<\/p>\n<p style=\"padding-left: 40px;\"><strong>BEAD SET<\/strong> &#8211; this is defined as one separate row and the diamond setter pushes on the metal to raise a bead and set the stone. Bead set designs are traditionally finished with a miligrained edge, but some do come without. You can consider this a similar look to the channel.<\/p>\n<p style=\"padding-left: 40px;\"><strong>CUTDOWN<\/strong> &#8211; the most popular micropav\u00e9 style of first-time bridal currently. This is the opposite of a bead set and the diamond setter cuts down the metal and raises prongs to hold the stone. This gives a big diamond little metal look that is similar to a shared prong without the scalloped sides offering a \u201ccleaner\u201d look. Another term for cutdown is French-cut micropav\u00e9.<\/p>\n<p style=\"padding-left: 40px;\"><strong>PAV\u00c9<\/strong> &#8211; defined as multiple rows, all handset and usually in a three-row pattern. This is exquisite labor-intensive and therefore more costly than the other two types of micropav\u00e9.<\/p>\n<p><strong>Encore (Remount)<\/strong><br \/>\nWe named this style \u00c9ncore because this type of setting is usually for a 2nd-time shopper. The Encore or Remount engagement ring style is the setting you upgrade to from your original bridal set. Often this means a bigger or more modern setting, with new personal touches as a tribute to the past year(s) you are celebrating. An Encore shopper is usually celebrating a 5 or 10 year anniversary, but we believe it\u2019s never too early to celebrate love!<\/p>\n<p><strong>Split Shank<\/strong><br \/>\nThe split shank engagement ring style updates the more traditional streamlined bands with an eye-catching construction that directs and emphasizes your attention towards the center stone. This setting design can come in a variety of splits as well as twists. A double or even triple split shank can create a dynamic movement to your otherwise straight band. The silhouette is a sleek upgrade to vintage estate-style designs.<\/p>\n<p><strong>Vintage<\/strong><br \/>\nThe Vintage style is all about the detailing. This style features intricate hand engraving. The delicate touch lends an element of old-world charm and a dash of glamour to this engagement ring design.[\/vc_column_text][\/vc_column_inner][\/vc_row_inner][\/vc_tta_section][vc_tta_section title=&#8221;UNDERSTANDING DIAMONDS&#8221; tab_id=&#8221;1622237230889-800372b7-0718&#8243;][vc_row_inner][vc_column_inner][vc_column_text woodmart_inline=&#8221;no&#8221; text_larger=&#8221;no&#8221;]For all diamonds that go into our engagement ring settings and wedding bands, we offer a GOOD, BETTER, BEST diamond quality to allow the consumer to find the perfect Martin Flyer ring that also fits within their budget.[\/vc_column_text][\/vc_column_inner][\/vc_row_inner][\/vc_tta_section][\/vc_tta_accordion][\/vc_column][\/vc_row][vc_row][vc_column][\/vc_column][\/vc_row]\n","protected":false},"excerpt":{"rendered":"<p>[vc_row full_height=&#8221;yes&#8221; columns_placement=&#8221;top&#8221; mobile_bg_img_hidden=&#8221;no&#8221; tablet_bg_img_hidden=&#8221;no&#8221; woodmart_parallax=&#8221;0&#8243; woodmart_gradient_switch=&#8221;no&#8221; row_reverse_mobile=&#8221;0&#8243; row_reverse_tablet=&#8221;0&#8243; woodmart_disable_overflow=&#8221;0&#8243;][vc_column][vc_row_inner][vc_column_inner][vc_custom_heading text=&#8221;EDUCATIONAL&#8221; font_container=&#8221;tag:h2|text_align:center&#8221; google_fonts=&#8221;font_family:Raleway%3A100%2C200%2C300%2Cregular%2C500%2C600%2C700%2C800%2C900|font_style:400%20regular%3A400%3Anormal&#8221;][vc_separator border_width=&#8221;2&#8243; el_width=&#8221;30&#8243;][vc_custom_heading text=&#8221;KNOWLEDGE IS BUYING POWER&#8221; font_container=&#8221;tag:h4|text_align:center&#8221;<\/p>\n","protected":false},"author":4,"featured_media":0,"parent":0,"menu_order":0,"comment_status":"closed","ping_status":"closed","template":"","meta":[],"acf":[],"_links":{"self":[{"href":"https:\/\/martinflyer.com\/martinflyer\/wp-json\/wp\/v2\/pages\/719713"}],"collection":[{"href":"https:\/\/martinflyer.com\/martinflyer\/wp-json\/wp\/v2\/pages"}],"about":[{"href":"https:\/\/martinflyer.com\/martinflyer\/wp-json\/wp\/v2\/types\/page"}],"author":[{"embeddable":true,"href":"https:\/\/martinflyer.com\/martinflyer\/wp-json\/wp\/v2\/users\/4"}],"replies":[{"embeddable":true,"href":"https:\/\/martinflyer.com\/martinflyer\/wp-json\/wp\/v2\/comments?post=719713"}],"version-history":[{"count":38,"href":"https:\/\/martinflyer.com\/martinflyer\/wp-json\/wp\/v2\/pages\/719713\/revisions"}],"predecessor-version":[{"id":1395933,"href":"https:\/\/martinflyer.com\/martinflyer\/wp-json\/wp\/v2\/pages\/719713\/revisions\/1395933"}],"wp:attachment":[{"href":"https:\/\/martinflyer.com\/martinflyer\/wp-json\/wp\/v2\/media?parent=719713"}],"curies":[{"name":"wp","href":"https:\/\/api.w.org\/{rel}","templated":true}]}}